{"id":402,"date":"2023-05-01T23:36:19","date_gmt":"2023-05-01T23:36:19","guid":{"rendered":"https:\/\/tmigrouptax.com\/?page_id=402"},"modified":"2023-05-16T22:53:14","modified_gmt":"2023-05-16T22:53:14","slug":"services","status":"publish","type":"page","link":"https:\/\/tmigrouptax.com\/es\/services\/","title":{"rendered":"Servicios"},"content":{"rendered":"<p>[et_pb_section fb_built=&#8221;1&#8243; custom_padding_last_edited=&#8221;off|desktop&#8221; admin_label=&#8221;Header&#8221; _builder_version=&#8221;4.15.0&#8243; use_background_color_gradient=&#8221;on&#8221; background_color_gradient_start=&#8221;#222e4e&#8221; background_color_gradient_end=&#8221;rgba(0,0,0,0)&#8221; background_color_gradient_direction=&#8221;90deg&#8221; background_color_gradient_start_position=&#8221;50%&#8221; background_color_gradient_end_position=&#8221;0%&#8221; background_color_gradient_overlays_image=&#8221;on&#8221; background_image=&#8221;https:\/\/tmigrouptax.com\/wp-content\/uploads\/2023\/05\/pr-firm_27.jpg&#8221; custom_padding=&#8221;3vw||11vw||false|false&#8221; custom_padding_tablet=&#8221;||||false|false&#8221; custom_padding_phone=&#8221;||||false|false&#8221; locked=&#8221;off&#8221; global_colors_info=&#8221;{}&#8221;][et_pb_row column_structure=&#8221;1_2,1_2&#8243; make_equal=&#8221;on&#8221; _builder_version=&#8221;4.15.0&#8243; max_width=&#8221;1200px&#8221; custom_padding=&#8221;4%|0%|0px|4%|false|false&#8221; border_color_all=&#8221;#16252D&#8221; border_width_bottom=&#8221;8px&#8221; border_color_bottom=&#8221;#B2D243&#8243; border_width_left=&#8221;8px&#8221; border_color_left=&#8221;#B2D243&#8243; locked=&#8221;off&#8221; global_colors_info=&#8221;{}&#8221;][et_pb_column type=&#8221;1_2&#8243; _builder_version=&#8221;4.15&#8243; custom_padding=&#8221;||4%||false|false&#8221; global_colors_info=&#8221;{}&#8221;][et_pb_text _builder_version=&#8221;4.15.0&#8243; header_font=&#8221;Heebo|900||on|||||&#8221; header_font_size=&#8221;60px&#8221; header_letter_spacing=&#8221;2px&#8221; header_line_height=&#8221;1.2em&#8221; background_layout=&#8221;dark&#8221; header_font_size_tablet=&#8221;40px&#8221; header_font_size_phone=&#8221;24px&#8221; header_font_size_last_edited=&#8221;on|phone&#8221; locked=&#8221;off&#8221; global_colors_info=&#8221;{}&#8221;]<\/p>\n<h1>Nuestros Servicios<\/h1>\n<p>[\/et_pb_text][\/et_pb_column][et_pb_column type=&#8221;1_2&#8243; _builder_version=&#8221;4.15&#8243; global_colors_info=&#8221;{}&#8221;][\/et_pb_column][\/et_pb_row][\/et_pb_section][et_pb_section fb_built=&#8221;1&#8243; admin_label=&#8221;Features&#8221; _builder_version=&#8221;4.15&#8243; locked=&#8221;off&#8221; global_colors_info=&#8221;{}&#8221;][et_pb_row column_structure=&#8221;1_3,1_3,1_3&#8243; use_custom_gutter=&#8221;on&#8221; gutter_width=&#8221;2&#8243; make_equal=&#8221;on&#8221; _builder_version=&#8221;4.15.0&#8243; max_width=&#8221;1400px&#8221; custom_margin=&#8221;-10vw||||false|false&#8221; custom_padding=&#8221;27px||0px|||&#8221; global_colors_info=&#8221;{}&#8221;][et_pb_column type=&#8221;1_3&#8243; _builder_version=&#8221;4.15.0&#8243; background_color=&#8221;#f4f4f5&#8243; custom_padding=&#8221;30px|30px|30px|30px|true|true&#8221; custom_padding_tablet=&#8221;30px|30px|30px|30px|true|true&#8221; custom_padding_phone=&#8221;20px|20px|20px|20px|true|true&#8221; custom_padding_last_edited=&#8221;on|phone&#8221; link_option_url=&#8221;https:\/\/tmigrouptax.com\/tax-preparation\/&#8221; global_colors_info=&#8221;{}&#8221;][et_pb_blurb title=&#8221;Tax Preparation&#8221; image=&#8221;https:\/\/tmigrouptax.com\/wp-content\/uploads\/2023\/05\/primer-plano-economista-que-usa-calculadora-mientras-revisa-facturas-impuestos-oficina.jpg&#8221; icon_alignment=&#8221;left&#8221; content_max_width=&#8221;100%&#8221; _builder_version=&#8221;4.15.0&#8243; header_level=&#8221;h3&#8243; header_font=&#8221;Heebo|900|||||||&#8221; header_font_size=&#8221;26px&#8221; header_line_height=&#8221;2em&#8221; body_font_size=&#8221;16px&#8221; body_line_height=&#8221;2em&#8221; hover_enabled=&#8221;0&#8243; locked=&#8221;off&#8221; global_colors_info=&#8221;{}&#8221; body_font_size_last_edited=&#8221;on|desktop&#8221; sticky_enabled=&#8221;0&#8243; body_font_size_tablet=&#8221;16px&#8221; body_font_size_phone=&#8221;16px&#8221;]<\/p>\n<p>Ofrecemos servicios integrales de preparaci\u00f3n de impuestos para individuos y empresas. Nuestro equipo se mantiene actualizado con las \u00faltimas leyes y regulaciones fiscales para asegurarse de que obtengas el reembolso de impuestos m\u00e1ximo posible.<\/p>\n<p>[\/et_pb_blurb][et_pb_button button_url=&#8221;https:\/\/tmigrouptax.com\/tax-preparation\/&#8221; button_text=&#8221;Learn More&#8221; button_alignment=&#8221;left&#8221; button_alignment_tablet=&#8221;left&#8221; button_alignment_last_edited=&#8221;off|phone&#8221; _builder_version=&#8221;4.15.0&#8243; custom_button=&#8221;on&#8221; button_text_size=&#8221;12px&#8221; button_text_color=&#8221;#B2D243&#8243; button_bg_color=&#8221;rgba(0,0,0,0)&#8221; button_border_width=&#8221;0px&#8221; button_border_radius=&#8221;0px&#8221; button_letter_spacing=&#8221;6px&#8221; button_font=&#8221;|700||on|||||&#8221; custom_padding=&#8221;|||0px|false|false&#8221; locked=&#8221;off&#8221; global_colors_info=&#8221;{}&#8221;][\/et_pb_button][\/et_pb_column][et_pb_column type=&#8221;1_3&#8243; _builder_version=&#8221;4.15.0&#8243; background_color=&#8221;#f4f4f5&#8243; custom_padding=&#8221;30px|30px|30px|30px|true|true&#8221; custom_padding_tablet=&#8221;30px|30px|30px|30px|true|true&#8221; custom_padding_phone=&#8221;20px|20px|20px|20px|true|true&#8221; custom_padding_last_edited=&#8221;on|phone&#8221; link_option_url=&#8221;https:\/\/tmigrouptax.com\/bookkeeping\/&#8221; global_colors_info=&#8221;{}&#8221;][et_pb_blurb title=&#8221;Bookkeeping&#8221; image=&#8221;https:\/\/tmigrouptax.com\/wp-content\/uploads\/2023\/05\/primer-plano-mujer-negocios-ocupada.jpg&#8221; icon_alignment=&#8221;left&#8221; content_max_width=&#8221;100%&#8221; _builder_version=&#8221;4.15.0&#8243; header_level=&#8221;h3&#8243; header_font=&#8221;Heebo|900|||||||&#8221; header_font_size=&#8221;26px&#8221; header_line_height=&#8221;2em&#8221; body_font_size=&#8221;16px&#8221; body_line_height=&#8221;2em&#8221; locked=&#8221;off&#8221; global_colors_info=&#8221;{}&#8221;]<\/p>\n<p>Nuestros servicios de contabilidad est\u00e1n dise\u00f1ados para ayudarte a gestionar tus finanzas de manera m\u00e1s eficiente. Ofrecemos una variedad de servicios de contabilidad, que incluyen conciliaci\u00f3n bancaria, cuentas por pagar y por cobrar, y reportes financieros.<\/p>\n<p>[\/et_pb_blurb][et_pb_button button_url=&#8221;https:\/\/tmigrouptax.com\/bookkeeping\/&#8221; button_text=&#8221;Learn More&#8221; button_alignment=&#8221;left&#8221; button_alignment_tablet=&#8221;left&#8221; button_alignment_last_edited=&#8221;off|phone&#8221; _builder_version=&#8221;4.15.0&#8243; custom_button=&#8221;on&#8221; button_text_size=&#8221;12px&#8221; button_text_color=&#8221;#B2D243&#8243; button_bg_color=&#8221;rgba(0,0,0,0)&#8221; button_border_width=&#8221;0px&#8221; button_border_radius=&#8221;0px&#8221; button_letter_spacing=&#8221;6px&#8221; button_font=&#8221;|700||on|||||&#8221; custom_padding=&#8221;|||0px|false|false&#8221; locked=&#8221;off&#8221; global_colors_info=&#8221;{}&#8221;][\/et_pb_button][\/et_pb_column][et_pb_column type=&#8221;1_3&#8243; _builder_version=&#8221;4.15.0&#8243; background_color=&#8221;#f4f4f5&#8243; custom_padding=&#8221;30px|30px|30px|30px|true|true&#8221; custom_padding_tablet=&#8221;30px|30px|30px|30px|true|true&#8221; custom_padding_phone=&#8221;20px|20px|20px|20px|true|true&#8221; custom_padding_last_edited=&#8221;on|phone&#8221; link_option_url=&#8221;https:\/\/tmigrouptax.com\/financial-planning\/&#8221; global_colors_info=&#8221;{}&#8221;][et_pb_blurb title=&#8221;Financial Planning&#8221; image=&#8221;https:\/\/tmigrouptax.com\/wp-content\/uploads\/2023\/05\/jefe-hablando-perspectivas-financieras-empresa.jpg&#8221; icon_alignment=&#8221;left&#8221; content_max_width=&#8221;100%&#8221; _builder_version=&#8221;4.15.0&#8243; header_level=&#8221;h3&#8243; header_font=&#8221;Heebo|900|||||||&#8221; header_font_size=&#8221;26px&#8221; header_line_height=&#8221;2em&#8221; body_font_size=&#8221;16px&#8221; body_line_height=&#8221;2em&#8221; locked=&#8221;off&#8221; global_colors_info=&#8221;{}&#8221;]<\/p>\n<p>Nuestros servicios de planificaci\u00f3n financiera se adaptan a tus necesidades y objetivos espec\u00edficos. Trabajamos contigo para desarrollar un plan financiero personalizado que te ayude a alcanzar tus metas financieras a largo plazo<\/p>\n<p>[\/et_pb_blurb][et_pb_button button_url=&#8221;https:\/\/tmigrouptax.com\/financial-planning\/&#8221; button_text=&#8221;Learn More&#8221; button_alignment=&#8221;left&#8221; button_alignment_tablet=&#8221;left&#8221; button_alignment_last_edited=&#8221;off|phone&#8221; _builder_version=&#8221;4.15.0&#8243; custom_button=&#8221;on&#8221; button_text_size=&#8221;12px&#8221; button_text_color=&#8221;#B2D243&#8243; button_bg_color=&#8221;rgba(0,0,0,0)&#8221; button_border_width=&#8221;0px&#8221; button_border_radius=&#8221;0px&#8221; button_letter_spacing=&#8221;6px&#8221; button_font=&#8221;|700||on|||||&#8221; custom_padding=&#8221;|||0px|false|false&#8221; locked=&#8221;off&#8221; global_colors_info=&#8221;{}&#8221;][\/et_pb_button][\/et_pb_column][\/et_pb_row][\/et_pb_section]<\/p>","protected":false},"excerpt":{"rendered":"<p>Our ServicesWe provide comprehensive tax preparation services for individuals and businesses. Our team stays up-to-date with the latest tax laws and regulations to ensure that you receive the maximum tax refund possible.Our bookkeeping services are designed to help you manage your finances more efficiently. We offer a range of bookkeeping services, including bank reconciliation, accounts [&hellip;]<\/p>","protected":false},"author":1,"featured_media":0,"parent":0,"menu_order":0,"comment_status":"closed","ping_status":"closed","template":"","meta":{"_et_pb_use_builder":"on","_et_pb_old_content":"","_et_gb_content_width":"","_joinchat":[]},"yoast_head":"<!-- This site is optimized with the Yoast SEO plugin v20.3 - https:\/\/yoast.com\/wordpress\/plugins\/seo\/ -->\n<title>Services - TMI<\/title>\n<meta name=\"robots\" content=\"index, follow, max-snippet:-1, max-image-preview:large, max-video-preview:-1\" \/>\n<link rel=\"canonical\" href=\"https:\/\/tmigrouptax.com\/es\/services\/\" \/>\n<meta property=\"og:locale\" content=\"es_ES\" \/>\n<meta property=\"og:type\" content=\"article\" \/>\n<meta property=\"og:title\" content=\"Services - TMI\" \/>\n<meta property=\"og:description\" content=\"Our ServicesWe provide comprehensive tax preparation services for individuals and businesses. Our team stays up-to-date with the latest tax laws and regulations to ensure that you receive the maximum tax refund possible.Our bookkeeping services are designed to help you manage your finances more efficiently. We offer a range of bookkeeping services, including bank reconciliation, accounts [&hellip;]\" \/>\n<meta property=\"og:url\" content=\"https:\/\/tmigrouptax.com\/es\/services\/\" \/>\n<meta property=\"og:site_name\" content=\"TMI\" \/>\n<meta property=\"article:modified_time\" content=\"2023-05-16T22:53:14+00:00\" \/>\n<meta name=\"twitter:card\" content=\"summary_large_image\" \/>\n<meta name=\"twitter:label1\" content=\"Tiempo de lectura\" \/>\n\t<meta name=\"twitter:data1\" content=\"5 minutos\" \/>\n<script type=\"application\/ld+json\" class=\"yoast-schema-graph\">{\"@context\":\"https:\/\/schema.org\",\"@graph\":[{\"@type\":\"WebPage\",\"@id\":\"https:\/\/tmigrouptax.com\/services\/\",\"url\":\"https:\/\/tmigrouptax.com\/services\/\",\"name\":\"Services - TMI\",\"isPartOf\":{\"@id\":\"https:\/\/tmigrouptax.com\/es\/#website\"},\"datePublished\":\"2023-05-01T23:36:19+00:00\",\"dateModified\":\"2023-05-16T22:53:14+00:00\",\"breadcrumb\":{\"@id\":\"https:\/\/tmigrouptax.com\/services\/#breadcrumb\"},\"inLanguage\":\"es\",\"potentialAction\":[{\"@type\":\"ReadAction\",\"target\":[\"https:\/\/tmigrouptax.com\/services\/\"]}]},{\"@type\":\"BreadcrumbList\",\"@id\":\"https:\/\/tmigrouptax.com\/services\/#breadcrumb\",\"itemListElement\":[{\"@type\":\"ListItem\",\"position\":1,\"name\":\"Home\",\"item\":\"https:\/\/tmigrouptax.com\/\"},{\"@type\":\"ListItem\",\"position\":2,\"name\":\"Services\"}]},{\"@type\":\"WebSite\",\"@id\":\"https:\/\/tmigrouptax.com\/es\/#website\",\"url\":\"https:\/\/tmigrouptax.com\/es\/\",\"name\":\"TMI\",\"description\":\"Tax and Accounting Solutions\",\"publisher\":{\"@id\":\"https:\/\/tmigrouptax.com\/es\/#organization\"},\"potentialAction\":[{\"@type\":\"SearchAction\",\"target\":{\"@type\":\"EntryPoint\",\"urlTemplate\":\"https:\/\/tmigrouptax.com\/es\/?s={search_term_string}\"},\"query-input\":\"required name=search_term_string\"}],\"inLanguage\":\"es\"},{\"@type\":\"Organization\",\"@id\":\"https:\/\/tmigrouptax.com\/es\/#organization\",\"name\":\"TMI Group\",\"url\":\"https:\/\/tmigrouptax.com\/es\/\",\"logo\":{\"@type\":\"ImageObject\",\"inLanguage\":\"es\",\"@id\":\"https:\/\/tmigrouptax.com\/es\/#\/schema\/logo\/image\/\",\"url\":\"https:\/\/tmigrouptax.com\/wp-content\/uploads\/2022\/04\/cropped-favicon.png\",\"contentUrl\":\"https:\/\/tmigrouptax.com\/wp-content\/uploads\/2022\/04\/cropped-favicon.png\",\"width\":512,\"height\":512,\"caption\":\"TMI Group\"},\"image\":{\"@id\":\"https:\/\/tmigrouptax.com\/es\/#\/schema\/logo\/image\/\"}}]}<\/script>\n<!-- \/ Yoast SEO plugin. -->","yoast_head_json":{"title":"Services - TMI","robots":{"index":"index","follow":"follow","max-snippet":"max-snippet:-1","max-image-preview":"max-image-preview:large","max-video-preview":"max-video-preview:-1"},"canonical":"https:\/\/tmigrouptax.com\/es\/services\/","og_locale":"es_ES","og_type":"article","og_title":"Services - TMI","og_description":"Our ServicesWe provide comprehensive tax preparation services for individuals and businesses. Our team stays up-to-date with the latest tax laws and regulations to ensure that you receive the maximum tax refund possible.Our bookkeeping services are designed to help you manage your finances more efficiently. We offer a range of bookkeeping services, including bank reconciliation, accounts [&hellip;]","og_url":"https:\/\/tmigrouptax.com\/es\/services\/","og_site_name":"TMI","article_modified_time":"2023-05-16T22:53:14+00:00","twitter_card":"summary_large_image","twitter_misc":{"Tiempo de lectura":"5 minutos"},"schema":{"@context":"https:\/\/schema.org","@graph":[{"@type":"WebPage","@id":"https:\/\/tmigrouptax.com\/services\/","url":"https:\/\/tmigrouptax.com\/services\/","name":"Services - TMI","isPartOf":{"@id":"https:\/\/tmigrouptax.com\/es\/#website"},"datePublished":"2023-05-01T23:36:19+00:00","dateModified":"2023-05-16T22:53:14+00:00","breadcrumb":{"@id":"https:\/\/tmigrouptax.com\/services\/#breadcrumb"},"inLanguage":"es","potentialAction":[{"@type":"ReadAction","target":["https:\/\/tmigrouptax.com\/services\/"]}]},{"@type":"BreadcrumbList","@id":"https:\/\/tmigrouptax.com\/services\/#breadcrumb","itemListElement":[{"@type":"ListItem","position":1,"name":"Home","item":"https:\/\/tmigrouptax.com\/"},{"@type":"ListItem","position":2,"name":"Services"}]},{"@type":"WebSite","@id":"https:\/\/tmigrouptax.com\/es\/#website","url":"https:\/\/tmigrouptax.com\/es\/","name":"TMI","description":"Tax and Accounting Solutions","publisher":{"@id":"https:\/\/tmigrouptax.com\/es\/#organization"},"potentialAction":[{"@type":"SearchAction","target":{"@type":"EntryPoint","urlTemplate":"https:\/\/tmigrouptax.com\/es\/?s={search_term_string}"},"query-input":"required name=search_term_string"}],"inLanguage":"es"},{"@type":"Organization","@id":"https:\/\/tmigrouptax.com\/es\/#organization","name":"TMI Group","url":"https:\/\/tmigrouptax.com\/es\/","logo":{"@type":"ImageObject","inLanguage":"es","@id":"https:\/\/tmigrouptax.com\/es\/#\/schema\/logo\/image\/","url":"https:\/\/tmigrouptax.com\/wp-content\/uploads\/2022\/04\/cropped-favicon.png","contentUrl":"https:\/\/tmigrouptax.com\/wp-content\/uploads\/2022\/04\/cropped-favicon.png","width":512,"height":512,"caption":"TMI Group"},"image":{"@id":"https:\/\/tmigrouptax.com\/es\/#\/schema\/logo\/image\/"}}]}},"_links":{"self":[{"href":"https:\/\/tmigrouptax.com\/es\/wp-json\/wp\/v2\/pages\/402"}],"collection":[{"href":"https:\/\/tmigrouptax.com\/es\/wp-json\/wp\/v2\/pages"}],"about":[{"href":"https:\/\/tmigrouptax.com\/es\/wp-json\/wp\/v2\/types\/page"}],"author":[{"embeddable":true,"href":"https:\/\/tmigrouptax.com\/es\/wp-json\/wp\/v2\/users\/1"}],"replies":[{"embeddable":true,"href":"https:\/\/tmigrouptax.com\/es\/wp-json\/wp\/v2\/comments?post=402"}],"version-history":[{"count":13,"href":"https:\/\/tmigrouptax.com\/es\/wp-json\/wp\/v2\/pages\/402\/revisions"}],"predecessor-version":[{"id":832,"href":"https:\/\/tmigrouptax.com\/es\/wp-json\/wp\/v2\/pages\/402\/revisions\/832"}],"wp:attachment":[{"href":"https:\/\/tmigrouptax.com\/es\/wp-json\/wp\/v2\/media?parent=402"}],"curies":[{"name":"wp","href":"https:\/\/api.w.org\/{rel}","templated":true}]}}