{"id":646,"date":"2023-05-09T00:56:11","date_gmt":"2023-05-09T00:56:11","guid":{"rendered":"https:\/\/tmigrouptax.com\/?page_id=646"},"modified":"2023-05-16T22:54:23","modified_gmt":"2023-05-16T22:54:23","slug":"tax-preparation","status":"publish","type":"page","link":"https:\/\/tmigrouptax.com\/es\/tax-preparation\/","title":{"rendered":"Preparaci\u00f3n de impuestos"},"content":{"rendered":"<p>[et_pb_section fb_built=&#8221;1&#8243; custom_padding_last_edited=&#8221;off|desktop&#8221; admin_label=&#8221;Header&#8221; _builder_version=&#8221;4.15.0&#8243; use_background_color_gradient=&#8221;on&#8221; background_color_gradient_start=&#8221;#222e4e&#8221; background_color_gradient_end=&#8221;rgba(34,46,78,0.51)&#8221; background_color_gradient_direction=&#8221;90deg&#8221; background_color_gradient_start_position=&#8221;40%&#8221; background_color_gradient_end_position=&#8221;40%&#8221; background_color_gradient_overlays_image=&#8221;on&#8221; background_image=&#8221;https:\/\/tmigrouptax.com\/wp-content\/uploads\/2023\/05\/primer-plano-economista-que-usa-calculadora-mientras-revisa-facturas-impuestos-oficina.jpg&#8221; custom_padding=&#8221;3vw||3vw||true|false&#8221; custom_padding_tablet=&#8221;||||false|false&#8221; custom_padding_phone=&#8221;||||false|false&#8221; locked=&#8221;off&#8221; global_colors_info=&#8221;{}&#8221;][et_pb_row column_structure=&#8221;2_3,1_3&#8243; use_custom_gutter=&#8221;on&#8221; gutter_width=&#8221;2&#8243; make_equal=&#8221;on&#8221; _builder_version=&#8221;4.15.0&#8243; max_width=&#8221;1200px&#8221; custom_padding=&#8221;||0px||false|false&#8221; global_colors_info=&#8221;{}&#8221;][et_pb_column type=&#8221;2_3&#8243; _builder_version=&#8221;4.15.0&#8243; custom_padding=&#8221;4%|4%|4%|4%|true|true&#8221; custom_padding_tablet=&#8221;|||30px|false|false&#8221; custom_padding_phone=&#8221;|||30px|false|false&#8221; custom_padding_last_edited=&#8221;off|phone&#8221; custom_css_main_element=&#8221;margin-bottom: 0;&#8221; border_width_all=&#8221;8px&#8221; border_color_all=&#8221;#B2D243&#8243; global_colors_info=&#8221;{}&#8221;][et_pb_text _builder_version=&#8221;4.15.0&#8243; text_font=&#8221;Heebo||||||||&#8221; text_font_size=&#8221;18px&#8221; header_font=&#8221;Heebo|900||on|||||&#8221; header_font_size=&#8221;50px&#8221; header_letter_spacing=&#8221;3px&#8221; header_line_height=&#8221;1.2em&#8221; header_2_font=&#8221;Heebo|700||on|||||&#8221; header_2_font_size=&#8221;24px&#8221; header_2_letter_spacing=&#8221;6px&#8221; header_2_line_height=&#8221;1.5em&#8221; background_layout=&#8221;dark&#8221; header_font_size_tablet=&#8221;50px&#8221; header_font_size_phone=&#8221;26px&#8221; header_font_size_last_edited=&#8221;on|phone&#8221; header_2_font_size_tablet=&#8221;18px&#8221; header_2_font_size_phone=&#8221;14px&#8221; header_2_font_size_last_edited=&#8221;on|phone&#8221; locked=&#8221;off&#8221; global_colors_info=&#8221;{}&#8221;]<\/p>\n<h1>Tus Expertos en Impuestos<\/h1>\n<p>Entendemos la complejidad de los impuestos y estamos aqu\u00ed para que presentar y gestionar tus impuestos sea sencillo.<\/p>\n<p>[\/et_pb_text][\/et_pb_column][et_pb_column type=&#8221;1_3&#8243; _builder_version=&#8221;4.15&#8243; custom_padding_tablet=&#8221;|||30px|false|false&#8221; custom_padding_last_edited=&#8221;off|desktop&#8221; global_colors_info=&#8221;{}&#8221;][\/et_pb_column][\/et_pb_row][\/et_pb_section][et_pb_section fb_built=&#8221;1&#8243; admin_label=&#8221;Services&#8221; _builder_version=&#8221;4.15&#8243; locked=&#8221;off&#8221; global_colors_info=&#8221;{}&#8221;][et_pb_row column_structure=&#8221;1_3,1_3,1_3&#8243; _builder_version=&#8221;4.15.0&#8243; locked=&#8221;off&#8221; global_colors_info=&#8221;{}&#8221;][et_pb_column type=&#8221;1_3&#8243; _builder_version=&#8221;4.15&#8243; global_colors_info=&#8221;{}&#8221;][et_pb_blurb title=&#8221;Peace of Mind with TMI Group LLC&#8221; image=&#8221;https:\/\/tmigrouptax.com\/wp-content\/uploads\/2023\/05\/teamwork.png&#8221; image_icon_width=&#8221;90px&#8221; icon_alignment=&#8221;left&#8221; content_max_width=&#8221;100%&#8221; _builder_version=&#8221;4.15.0&#8243; header_level=&#8221;h3&#8243; header_font=&#8221;Heebo|900|||||||&#8221; header_font_size=&#8221;24px&#8221; header_line_height=&#8221;1.3em&#8221; body_font=&#8221;Heebo||||||||&#8221; body_text_align=&#8221;justify&#8221; body_font_size=&#8221;18px&#8221; body_line_height=&#8221;2em&#8221; hover_enabled=&#8221;0&#8243; header_font_size_tablet=&#8221;&#8221; header_font_size_phone=&#8221;20px&#8221; header_font_size_last_edited=&#8221;on|desktop&#8221; body_font_size_tablet=&#8221;&#8221; body_font_size_phone=&#8221;&#8221; body_font_size_last_edited=&#8221;on|phone&#8221; global_colors_info=&#8221;{}&#8221; sticky_enabled=&#8221;0&#8243;]<\/p>\n<p>Nuestro equipo de expertos est\u00e1 altamente capacitado en las \u00faltimas leyes y regulaciones fiscales para brindarte las mejores soluciones para tus necesidades individuales o empresariales. Con nosotros, puedes estar seguro de que est\u00e1s en buenas manos.<\/p>\n<p>[\/et_pb_blurb][\/et_pb_column][et_pb_column type=&#8221;1_3&#8243; _builder_version=&#8221;4.15&#8243; global_colors_info=&#8221;{}&#8221;][et_pb_blurb title=&#8221;Full Range of Tax Solutions&#8221; image=&#8221;https:\/\/tmigrouptax.com\/wp-content\/uploads\/2023\/05\/opportunity.png&#8221; image_icon_width=&#8221;90px&#8221; icon_alignment=&#8221;left&#8221; content_max_width=&#8221;100%&#8221; _builder_version=&#8221;4.15.0&#8243; header_level=&#8221;h3&#8243; header_font=&#8221;Heebo|900|||||||&#8221; header_font_size=&#8221;24px&#8221; header_line_height=&#8221;1.3em&#8221; body_font=&#8221;Heebo||||||||&#8221; body_text_align=&#8221;justify&#8221; body_font_size=&#8221;18px&#8221; body_line_height=&#8221;2em&#8221; header_font_size_tablet=&#8221;&#8221; header_font_size_phone=&#8221;20px&#8221; header_font_size_last_edited=&#8221;on|desktop&#8221; body_font_size_phone=&#8221;&#8221; body_font_size_last_edited=&#8221;on|phone&#8221; global_colors_info=&#8221;{}&#8221; body_font_size_tablet=&#8221;18px&#8221;]<\/p>\n<p>Desde n\u00fameros de ITIN hasta servicios de contabilidad, desde inversionistas extranjeros hasta organizaciones sin fines de lucro, TMI Group LLC ofrece una amplia gama de servicios y soluciones fiscales adaptados espec\u00edficamente a tus necesidades.<\/p>\n<p>[\/et_pb_blurb][\/et_pb_column][et_pb_column type=&#8221;1_3&#8243; _builder_version=&#8221;4.15&#8243; global_colors_info=&#8221;{}&#8221;][et_pb_blurb title=&#8221;Stay Up to Date on Tax Law Changes&#8221; image=&#8221;https:\/\/tmigrouptax.com\/wp-content\/uploads\/2023\/05\/household-chores.png&#8221; image_icon_width=&#8221;90px&#8221; icon_alignment=&#8221;left&#8221; content_max_width=&#8221;100%&#8221; _builder_version=&#8221;4.15.0&#8243; header_level=&#8221;h3&#8243; header_font=&#8221;Heebo|900|||||||&#8221; header_font_size=&#8221;24px&#8221; header_line_height=&#8221;1.3em&#8221; body_font=&#8221;Heebo||||||||&#8221; body_text_align=&#8221;justify&#8221; body_font_size=&#8221;18px&#8221; body_line_height=&#8221;2em&#8221; header_font_size_tablet=&#8221;&#8221; header_font_size_phone=&#8221;20px&#8221; header_font_size_last_edited=&#8221;on|desktop&#8221; body_font_size_phone=&#8221;&#8221; body_font_size_last_edited=&#8221;on|phone&#8221; global_colors_info=&#8221;{}&#8221; body_font_size_tablet=&#8221;18px&#8221;]<\/p>\n<p>Nos mantenemos al d\u00eda con todos los cambios en la legislaci\u00f3n fiscal para que no tengas que preocuparte por completar formularios desactualizados o perder fechas importantes. Nuestro equipo te ayudar\u00e1 a asegurarte de que todos tus documentos fiscales cumplan con las regulaciones vigentes.<\/p>\n<p>[\/et_pb_blurb][\/et_pb_column][\/et_pb_row][\/et_pb_section][et_pb_section fb_built=&#8221;1&#8243; make_equal=&#8221;on&#8221; use_custom_gutter=&#8221;on&#8221; gutter_width=&#8221;4&#8243; specialty=&#8221;on&#8221; admin_label=&#8221;Why Us&#8221; _builder_version=&#8221;4.15&#8243; inner_max_width=&#8221;1200px&#8221; locked=&#8221;off&#8221; global_colors_info=&#8221;{}&#8221;][et_pb_column type=&#8221;1_2&#8243; specialty_columns=&#8221;2&#8243; _builder_version=&#8221;4.15&#8243; custom_padding=&#8221;|||&#8221; global_colors_info=&#8221;{}&#8221; custom_padding__hover=&#8221;|||&#8221;][et_pb_row_inner use_custom_gutter=&#8221;on&#8221; gutter_width=&#8221;2&#8243; custom_padding_last_edited=&#8221;on|phone&#8221; _builder_version=&#8221;4.15.0&#8243; overflow-x=&#8221;visible&#8221; overflow-y=&#8221;visible&#8221; custom_margin=&#8221;||||false|false&#8221; custom_padding=&#8221;16%||16%|8%|true|false&#8221; custom_padding_tablet=&#8221;8%|4%|50px|4%|false|true&#8221; custom_padding_phone=&#8221;||30px||false|false&#8221; custom_css_main_element=&#8221;overflow: visible !important;&#8221; border_width_all=&#8221;8px&#8221; border_color_all=&#8221;#e7e8e8&#8243; global_colors_info=&#8221;{}&#8221;][et_pb_column_inner saved_specialty_column_type=&#8221;1_2&#8243; _builder_version=&#8221;4.15.0&#8243; global_colors_info=&#8221;{}&#8221;][et_pb_image src=&#8221;https:\/\/tmigrouptax.com\/wp-content\/uploads\/2023\/05\/29-1.png&#8221; title_text=&#8221;29&#8243; _builder_version=&#8221;4.15.0&#8243; custom_margin=&#8221;||||false|false&#8221; custom_margin_tablet=&#8221;|-20px|||false|false&#8221; custom_margin_phone=&#8221;|-20px|||false|false&#8221; custom_margin_last_edited=&#8221;on|tablet&#8221; border_color_all=&#8221;rgba(0,0,0,0)&#8221; border_width_right=&#8221;20px&#8221; border_color_right=&#8221;#FFFFFF&#8221; box_shadow_style=&#8221;preset4&#8243; box_shadow_horizontal=&#8221;32px&#8221; box_shadow_vertical=&#8221;0px&#8221; box_shadow_color=&#8221;#222E4E&#8221; box_shadow_horizontal_tablet=&#8221;&#8221; box_shadow_horizontal_phone=&#8221;16px&#8221; box_shadow_horizontal_last_edited=&#8221;on|desktop&#8221; locked=&#8221;off&#8221; global_colors_info=&#8221;{}&#8221;][\/et_pb_image][\/et_pb_column_inner][\/et_pb_row_inner][\/et_pb_column][et_pb_column type=&#8221;1_2&#8243; _builder_version=&#8221;4.15&#8243; custom_padding=&#8221;|||&#8221; global_colors_info=&#8221;{}&#8221; custom_padding__hover=&#8221;|||&#8221;][et_pb_text _builder_version=&#8221;4.15.0&#8243; text_font=&#8221;Heebo||||||||&#8221; text_font_size=&#8221;18px&#8221; text_line_height=&#8221;2em&#8221; header_2_font=&#8221;Heebo|900||on|||||&#8221; header_2_font_size=&#8221;25px&#8221; header_2_letter_spacing=&#8221;1px&#8221; header_2_line_height=&#8221;1.3em&#8221; positioning=&#8221;absolute&#8221; position_origin_a=&#8221;center_left&#8221; position_origin_a_tablet=&#8221;&#8221; position_origin_a_phone=&#8221;&#8221; position_origin_a_last_edited=&#8221;on|tablet&#8221; position_origin_f_tablet=&#8221;&#8221; position_origin_f_phone=&#8221;&#8221; position_origin_f_last_edited=&#8221;on|tablet&#8221; position_origin_r_tablet=&#8221;&#8221; position_origin_r_phone=&#8221;&#8221; position_origin_r_last_edited=&#8221;on|tablet&#8221; custom_padding=&#8221;||||false|false&#8221; custom_padding_tablet=&#8221;|||0px|false|false&#8221; custom_padding_last_edited=&#8221;off|desktop&#8221; hover_enabled=&#8221;0&#8243; text_font_size_tablet=&#8221;&#8221; text_font_size_phone=&#8221;&#8221; text_font_size_last_edited=&#8221;on|tablet&#8221; header_2_font_size_tablet=&#8221;24px&#8221; header_2_font_size_phone=&#8221;20px&#8221; header_2_font_size_last_edited=&#8221;on|phone&#8221; positioning_tablet=&#8221;relative&#8221; positioning_phone=&#8221;&#8221; positioning_last_edited=&#8221;on|tablet&#8221; locked=&#8221;off&#8221; global_colors_info=&#8221;{}&#8221; sticky_enabled=&#8221;0&#8243;]<\/p>\n<h2>SERVICIOS DE IMPUESTOS Y CONTABILIDAD DE TMI<\/h2>\n<ul>\n<li>Contabilidad y mantenimiento de libros de libros<\/li>\n<li>Informes de estados financieros<\/li>\n<li>Facturaci\u00f3n<\/li>\n<li>Presentaci\u00f3n de impuestos de ventas y preparaci\u00f3n de n\u00f3minas<\/li>\n<li>Servicios de contabilidad y tenedur\u00eda de libros<\/li>\n<li>Declaraciones de impuestos - IRS - corporativas y personales<\/li>\n<li>Servicios de n\u00f3mina<\/li>\n<li>Impuesto sobre las venta<\/li>\n<li>Representaci\u00f3n ante el IRS<\/li>\n<li>Manual del emplead<\/li>\n<li>Plan de negocio<\/li>\n<li>Marcas comerciales<\/li>\n<li>Servicio de notario<\/li>\n<li>N\u00famero ITIN<\/li>\n<li>Inversionista extranjer<\/li>\n<\/ul>\n<p>[\/et_pb_text][\/et_pb_column][\/et_pb_section][et_pb_section fb_built=&#8221;1&#8243; _builder_version=&#8221;4.15.0&#8243; _module_preset=&#8221;default&#8221; global_colors_info=&#8221;{}&#8221;][et_pb_row column_structure=&#8221;1_2,1_2&#8243; _builder_version=&#8221;4.15.0&#8243; _module_preset=&#8221;default&#8221; global_colors_info=&#8221;{}&#8221;][et_pb_column type=&#8221;1_2&#8243; _builder_version=&#8221;4.15.0&#8243; _module_preset=&#8221;default&#8221; global_colors_info=&#8221;{}&#8221;][et_pb_text _builder_version=&#8221;4.15.0&#8243; text_font=&#8221;Heebo||||||||&#8221; text_font_size=&#8221;18px&#8221; text_line_height=&#8221;2em&#8221; header_2_font=&#8221;Heebo|900||on|||||&#8221; header_2_font_size=&#8221;25px&#8221; header_2_letter_spacing=&#8221;1px&#8221; header_2_line_height=&#8221;1.3em&#8221; position_origin_a=&#8221;center_left&#8221; position_origin_a_tablet=&#8221;&#8221; position_origin_a_phone=&#8221;&#8221; position_origin_a_last_edited=&#8221;on|tablet&#8221; position_origin_f_tablet=&#8221;&#8221; position_origin_f_phone=&#8221;&#8221; position_origin_f_last_edited=&#8221;on|tablet&#8221; position_origin_r_tablet=&#8221;&#8221; position_origin_r_phone=&#8221;&#8221; position_origin_r_last_edited=&#8221;on|tablet&#8221; custom_padding=&#8221;||||false|false&#8221; custom_padding_tablet=&#8221;|||0px|false|false&#8221; custom_padding_last_edited=&#8221;off|desktop&#8221; hover_enabled=&#8221;0&#8243; text_font_size_tablet=&#8221;&#8221; text_font_size_phone=&#8221;&#8221; text_font_size_last_edited=&#8221;on|tablet&#8221; header_2_font_size_tablet=&#8221;24px&#8221; header_2_font_size_phone=&#8221;20px&#8221; header_2_font_size_last_edited=&#8221;on|phone&#8221; positioning_tablet=&#8221;relative&#8221; positioning_phone=&#8221;&#8221; positioning_last_edited=&#8221;on|tablet&#8221; locked=&#8221;off&#8221; global_colors_info=&#8221;{}&#8221; sticky_enabled=&#8221;0&#8243;]<\/p>\n<h2>SERVICIOS PARA PEQUE\u00d1AS EMPRESAS:<\/h2>\n<p><strong>\u2714\ufe0f\ud83d\udcc8 PREPARACI\u00d3N DE DECLARACIONES DE IMPUESTOS:<\/strong><\/p>\n<ul>\n<li>-1040 (Individual)<\/li>\n<li>1120 (Corporaci\u00f3n C)<\/li>\n<li>1120S (Corporaci\u00f3n S)<\/li>\n<li>1065 (Sociedad de responsabilidad limitada)<\/li>\n<\/ul>\n<p>[\/et_pb_text][\/et_pb_column][et_pb_column type=&#8221;1_2&#8243; _builder_version=&#8221;4.15.0&#8243; _module_preset=&#8221;default&#8221; global_colors_info=&#8221;{}&#8221;][et_pb_image src=&#8221;https:\/\/tmigrouptax.com\/wp-content\/uploads\/2023\/05\/13-1.png&#8221; title_text=&#8221;13&#8243; _builder_version=&#8221;4.15.0&#8243; custom_margin=&#8221;||||false|false&#8221; custom_margin_tablet=&#8221;|-20px|||false|false&#8221; custom_margin_phone=&#8221;|-20px|||false|false&#8221; custom_margin_last_edited=&#8221;on|tablet&#8221; border_color_all=&#8221;rgba(0,0,0,0)&#8221; border_width_right=&#8221;20px&#8221; border_color_right=&#8221;#FFFFFF&#8221; box_shadow_style=&#8221;preset4&#8243; box_shadow_horizontal=&#8221;32px&#8221; box_shadow_vertical=&#8221;0px&#8221; box_shadow_color=&#8221;#222E4E&#8221; box_shadow_horizontal_tablet=&#8221;&#8221; box_shadow_horizontal_phone=&#8221;16px&#8221; box_shadow_horizontal_last_edited=&#8221;on|desktop&#8221; locked=&#8221;off&#8221; global_colors_info=&#8221;{}&#8221;][\/et_pb_image][\/et_pb_column][\/et_pb_row][\/et_pb_section]<\/p>","protected":false},"excerpt":{"rendered":"<p>TMI Group LLC: Your Tax Experts TMI Group LLC is your ultimate source for comprehensive tax solutions. We understand the complexities of taxes, and we\u2019re here to make filing and managing your taxes effortless.Our team of experts are highly trained in the latest tax laws and regulations to provide you with the best solutions for [&hellip;]<\/p>","protected":false},"author":1,"featured_media":0,"parent":0,"menu_order":0,"comment_status":"closed","ping_status":"closed","template":"","meta":{"_et_pb_use_builder":"on","_et_pb_old_content":"","_et_gb_content_width":"","_joinchat":[]},"yoast_head":"<!-- This site is optimized with the Yoast SEO plugin v20.3 - https:\/\/yoast.com\/wordpress\/plugins\/seo\/ -->\n<title>Tax Preparation - TMI<\/title>\n<meta name=\"robots\" content=\"index, follow, max-snippet:-1, max-image-preview:large, max-video-preview:-1\" \/>\n<link rel=\"canonical\" href=\"https:\/\/tmigrouptax.com\/es\/tax-preparation\/\" \/>\n<meta property=\"og:locale\" content=\"es_ES\" \/>\n<meta property=\"og:type\" content=\"article\" \/>\n<meta property=\"og:title\" content=\"Tax Preparation - TMI\" \/>\n<meta property=\"og:description\" content=\"TMI Group LLC: Your Tax Experts TMI Group LLC is your ultimate source for comprehensive tax solutions. We understand the complexities of taxes, and we\u2019re here to make filing and managing your taxes effortless.Our team of experts are highly trained in the latest tax laws and regulations to provide you with the best solutions for [&hellip;]\" \/>\n<meta property=\"og:url\" content=\"https:\/\/tmigrouptax.com\/es\/tax-preparation\/\" \/>\n<meta property=\"og:site_name\" content=\"TMI\" \/>\n<meta property=\"article:modified_time\" content=\"2023-05-16T22:54:23+00:00\" \/>\n<meta name=\"twitter:card\" content=\"summary_large_image\" \/>\n<meta name=\"twitter:label1\" content=\"Tiempo de lectura\" \/>\n\t<meta name=\"twitter:data1\" content=\"8 minutos\" \/>\n<script type=\"application\/ld+json\" class=\"yoast-schema-graph\">{\"@context\":\"https:\/\/schema.org\",\"@graph\":[{\"@type\":\"WebPage\",\"@id\":\"https:\/\/tmigrouptax.com\/tax-preparation\/\",\"url\":\"https:\/\/tmigrouptax.com\/tax-preparation\/\",\"name\":\"Tax Preparation - TMI\",\"isPartOf\":{\"@id\":\"https:\/\/tmigrouptax.com\/es\/#website\"},\"datePublished\":\"2023-05-09T00:56:11+00:00\",\"dateModified\":\"2023-05-16T22:54:23+00:00\",\"breadcrumb\":{\"@id\":\"https:\/\/tmigrouptax.com\/tax-preparation\/#breadcrumb\"},\"inLanguage\":\"es\",\"potentialAction\":[{\"@type\":\"ReadAction\",\"target\":[\"https:\/\/tmigrouptax.com\/tax-preparation\/\"]}]},{\"@type\":\"BreadcrumbList\",\"@id\":\"https:\/\/tmigrouptax.com\/tax-preparation\/#breadcrumb\",\"itemListElement\":[{\"@type\":\"ListItem\",\"position\":1,\"name\":\"Home\",\"item\":\"https:\/\/tmigrouptax.com\/\"},{\"@type\":\"ListItem\",\"position\":2,\"name\":\"Tax Preparation\"}]},{\"@type\":\"WebSite\",\"@id\":\"https:\/\/tmigrouptax.com\/es\/#website\",\"url\":\"https:\/\/tmigrouptax.com\/es\/\",\"name\":\"TMI\",\"description\":\"Tax and Accounting Solutions\",\"publisher\":{\"@id\":\"https:\/\/tmigrouptax.com\/es\/#organization\"},\"potentialAction\":[{\"@type\":\"SearchAction\",\"target\":{\"@type\":\"EntryPoint\",\"urlTemplate\":\"https:\/\/tmigrouptax.com\/es\/?s={search_term_string}\"},\"query-input\":\"required name=search_term_string\"}],\"inLanguage\":\"es\"},{\"@type\":\"Organization\",\"@id\":\"https:\/\/tmigrouptax.com\/es\/#organization\",\"name\":\"TMI Group\",\"url\":\"https:\/\/tmigrouptax.com\/es\/\",\"logo\":{\"@type\":\"ImageObject\",\"inLanguage\":\"es\",\"@id\":\"https:\/\/tmigrouptax.com\/es\/#\/schema\/logo\/image\/\",\"url\":\"https:\/\/tmigrouptax.com\/wp-content\/uploads\/2022\/04\/cropped-favicon.png\",\"contentUrl\":\"https:\/\/tmigrouptax.com\/wp-content\/uploads\/2022\/04\/cropped-favicon.png\",\"width\":512,\"height\":512,\"caption\":\"TMI Group\"},\"image\":{\"@id\":\"https:\/\/tmigrouptax.com\/es\/#\/schema\/logo\/image\/\"}}]}<\/script>\n<!-- \/ Yoast SEO plugin. -->","yoast_head_json":{"title":"Tax Preparation - TMI","robots":{"index":"index","follow":"follow","max-snippet":"max-snippet:-1","max-image-preview":"max-image-preview:large","max-video-preview":"max-video-preview:-1"},"canonical":"https:\/\/tmigrouptax.com\/es\/tax-preparation\/","og_locale":"es_ES","og_type":"article","og_title":"Tax Preparation - TMI","og_description":"TMI Group LLC: Your Tax Experts TMI Group LLC is your ultimate source for comprehensive tax solutions. We understand the complexities of taxes, and we\u2019re here to make filing and managing your taxes effortless.Our team of experts are highly trained in the latest tax laws and regulations to provide you with the best solutions for [&hellip;]","og_url":"https:\/\/tmigrouptax.com\/es\/tax-preparation\/","og_site_name":"TMI","article_modified_time":"2023-05-16T22:54:23+00:00","twitter_card":"summary_large_image","twitter_misc":{"Tiempo de lectura":"8 minutos"},"schema":{"@context":"https:\/\/schema.org","@graph":[{"@type":"WebPage","@id":"https:\/\/tmigrouptax.com\/tax-preparation\/","url":"https:\/\/tmigrouptax.com\/tax-preparation\/","name":"Tax Preparation - TMI","isPartOf":{"@id":"https:\/\/tmigrouptax.com\/es\/#website"},"datePublished":"2023-05-09T00:56:11+00:00","dateModified":"2023-05-16T22:54:23+00:00","breadcrumb":{"@id":"https:\/\/tmigrouptax.com\/tax-preparation\/#breadcrumb"},"inLanguage":"es","potentialAction":[{"@type":"ReadAction","target":["https:\/\/tmigrouptax.com\/tax-preparation\/"]}]},{"@type":"BreadcrumbList","@id":"https:\/\/tmigrouptax.com\/tax-preparation\/#breadcrumb","itemListElement":[{"@type":"ListItem","position":1,"name":"Home","item":"https:\/\/tmigrouptax.com\/"},{"@type":"ListItem","position":2,"name":"Tax Preparation"}]},{"@type":"WebSite","@id":"https:\/\/tmigrouptax.com\/es\/#website","url":"https:\/\/tmigrouptax.com\/es\/","name":"TMI","description":"Tax and Accounting Solutions","publisher":{"@id":"https:\/\/tmigrouptax.com\/es\/#organization"},"potentialAction":[{"@type":"SearchAction","target":{"@type":"EntryPoint","urlTemplate":"https:\/\/tmigrouptax.com\/es\/?s={search_term_string}"},"query-input":"required name=search_term_string"}],"inLanguage":"es"},{"@type":"Organization","@id":"https:\/\/tmigrouptax.com\/es\/#organization","name":"TMI Group","url":"https:\/\/tmigrouptax.com\/es\/","logo":{"@type":"ImageObject","inLanguage":"es","@id":"https:\/\/tmigrouptax.com\/es\/#\/schema\/logo\/image\/","url":"https:\/\/tmigrouptax.com\/wp-content\/uploads\/2022\/04\/cropped-favicon.png","contentUrl":"https:\/\/tmigrouptax.com\/wp-content\/uploads\/2022\/04\/cropped-favicon.png","width":512,"height":512,"caption":"TMI Group"},"image":{"@id":"https:\/\/tmigrouptax.com\/es\/#\/schema\/logo\/image\/"}}]}},"_links":{"self":[{"href":"https:\/\/tmigrouptax.com\/es\/wp-json\/wp\/v2\/pages\/646"}],"collection":[{"href":"https:\/\/tmigrouptax.com\/es\/wp-json\/wp\/v2\/pages"}],"about":[{"href":"https:\/\/tmigrouptax.com\/es\/wp-json\/wp\/v2\/types\/page"}],"author":[{"embeddable":true,"href":"https:\/\/tmigrouptax.com\/es\/wp-json\/wp\/v2\/users\/1"}],"replies":[{"embeddable":true,"href":"https:\/\/tmigrouptax.com\/es\/wp-json\/wp\/v2\/comments?post=646"}],"version-history":[{"count":19,"href":"https:\/\/tmigrouptax.com\/es\/wp-json\/wp\/v2\/pages\/646\/revisions"}],"predecessor-version":[{"id":833,"href":"https:\/\/tmigrouptax.com\/es\/wp-json\/wp\/v2\/pages\/646\/revisions\/833"}],"wp:attachment":[{"href":"https:\/\/tmigrouptax.com\/es\/wp-json\/wp\/v2\/media?parent=646"}],"curies":[{"name":"wp","href":"https:\/\/api.w.org\/{rel}","templated":true}]}}