{"id":649,"date":"2023-05-09T00:56:11","date_gmt":"2023-05-09T00:56:11","guid":{"rendered":"https:\/\/tmigrouptax.com\/?page_id=649"},"modified":"2023-05-16T22:57:01","modified_gmt":"2023-05-16T22:57:01","slug":"financial-planning","status":"publish","type":"page","link":"https:\/\/tmigrouptax.com\/es\/financial-planning\/","title":{"rendered":"Planeaci\u00f3n Financiera"},"content":{"rendered":"<p>[et_pb_section fb_built=&#8221;1&#8243; custom_padding_last_edited=&#8221;off|desktop&#8221; admin_label=&#8221;Header&#8221; _builder_version=&#8221;4.15.0&#8243; use_background_color_gradient=&#8221;on&#8221; background_color_gradient_start=&#8221;#222e4e&#8221; background_color_gradient_end=&#8221;rgba(34,46,78,0.51)&#8221; background_color_gradient_direction=&#8221;90deg&#8221; background_color_gradient_start_position=&#8221;40%&#8221; background_color_gradient_end_position=&#8221;40%&#8221; background_color_gradient_overlays_image=&#8221;on&#8221; background_image=&#8221;https:\/\/tmigrouptax.com\/wp-content\/uploads\/2023\/05\/jefe-hablando-perspectivas-financieras-empresa.jpg&#8221; custom_padding=&#8221;3vw||3vw||true|false&#8221; custom_padding_tablet=&#8221;||||false|false&#8221; custom_padding_phone=&#8221;||||false|false&#8221; locked=&#8221;off&#8221; global_colors_info=&#8221;{}&#8221;][et_pb_row column_structure=&#8221;2_3,1_3&#8243; use_custom_gutter=&#8221;on&#8221; gutter_width=&#8221;2&#8243; make_equal=&#8221;on&#8221; _builder_version=&#8221;4.15.0&#8243; max_width=&#8221;1200px&#8221; custom_padding=&#8221;||0px||false|false&#8221; global_colors_info=&#8221;{}&#8221;][et_pb_column type=&#8221;2_3&#8243; _builder_version=&#8221;4.15.0&#8243; custom_padding=&#8221;4%|4%|4%|4%|true|true&#8221; custom_padding_tablet=&#8221;|||30px|false|false&#8221; custom_padding_phone=&#8221;|||30px|false|false&#8221; custom_padding_last_edited=&#8221;off|phone&#8221; custom_css_main_element=&#8221;margin-bottom: 0;&#8221; border_width_all=&#8221;8px&#8221; border_color_all=&#8221;#B2D243&#8243; global_colors_info=&#8221;{}&#8221;][et_pb_text _builder_version=&#8221;4.15.0&#8243; text_font=&#8221;Heebo||||||||&#8221; text_font_size=&#8221;18px&#8221; header_font=&#8221;Heebo|900||on|||||&#8221; header_font_size=&#8221;50px&#8221; header_letter_spacing=&#8221;3px&#8221; header_line_height=&#8221;1.2em&#8221; header_2_font=&#8221;Heebo|700||on|||||&#8221; header_2_font_size=&#8221;24px&#8221; header_2_letter_spacing=&#8221;6px&#8221; header_2_line_height=&#8221;1.5em&#8221; background_layout=&#8221;dark&#8221; header_font_size_tablet=&#8221;50px&#8221; header_font_size_phone=&#8221;26px&#8221; header_font_size_last_edited=&#8221;on|phone&#8221; header_2_font_size_tablet=&#8221;18px&#8221; header_2_font_size_phone=&#8221;14px&#8221; header_2_font_size_last_edited=&#8221;on|phone&#8221; locked=&#8221;off&#8221; global_colors_info=&#8221;{}&#8221;]<\/p>\n<h1>Planeaci\u00f3n Financiera<\/h1>\n<p>Nuestros servicios de planificaci\u00f3n financiera se adaptan a sus necesidades y objetivos espec\u00edficos.<\/p>\n<p>[\/et_pb_text][\/et_pb_column][et_pb_column type=&#8221;1_3&#8243; _builder_version=&#8221;4.15&#8243; custom_padding_tablet=&#8221;|||30px|false|false&#8221; custom_padding_last_edited=&#8221;off|desktop&#8221; global_colors_info=&#8221;{}&#8221;][\/et_pb_column][\/et_pb_row][\/et_pb_section][et_pb_section fb_built=&#8221;1&#8243; _builder_version=&#8221;4.15.0&#8243; _module_preset=&#8221;default&#8221; global_colors_info=&#8221;{}&#8221;][et_pb_row column_structure=&#8221;1_2,1_2&#8243; _builder_version=&#8221;4.15.0&#8243; _module_preset=&#8221;default&#8221; global_colors_info=&#8221;{}&#8221;][et_pb_column type=&#8221;1_2&#8243; _builder_version=&#8221;4.15.0&#8243; _module_preset=&#8221;default&#8221; global_colors_info=&#8221;{}&#8221;][et_pb_text _builder_version=&#8221;4.15.0&#8243; text_font=&#8221;Heebo||||||||&#8221; text_font_size=&#8221;18px&#8221; text_line_height=&#8221;2em&#8221; header_2_font=&#8221;Heebo|900||on|||||&#8221; header_2_font_size=&#8221;25px&#8221; header_2_letter_spacing=&#8221;1px&#8221; header_2_line_height=&#8221;1.3em&#8221; position_origin_a=&#8221;center_left&#8221; position_origin_a_tablet=&#8221;&#8221; position_origin_a_phone=&#8221;&#8221; position_origin_a_last_edited=&#8221;on|tablet&#8221; position_origin_f_tablet=&#8221;&#8221; position_origin_f_phone=&#8221;&#8221; position_origin_f_last_edited=&#8221;on|tablet&#8221; position_origin_r_tablet=&#8221;&#8221; position_origin_r_phone=&#8221;&#8221; position_origin_r_last_edited=&#8221;on|tablet&#8221; text_orientation=&#8221;justified&#8221; custom_padding=&#8221;||||false|false&#8221; custom_padding_tablet=&#8221;|||0px|false|false&#8221; custom_padding_last_edited=&#8221;off|desktop&#8221; hover_enabled=&#8221;0&#8243; text_font_size_tablet=&#8221;&#8221; text_font_size_phone=&#8221;&#8221; text_font_size_last_edited=&#8221;on|desktop&#8221; header_2_font_size_tablet=&#8221;24px&#8221; header_2_font_size_phone=&#8221;20px&#8221; header_2_font_size_last_edited=&#8221;on|phone&#8221; positioning_tablet=&#8221;relative&#8221; positioning_phone=&#8221;&#8221; positioning_last_edited=&#8221;on|tablet&#8221; locked=&#8221;off&#8221; global_colors_info=&#8221;{}&#8221; sticky_enabled=&#8221;0&#8243;]<\/p>\n<p>Adem\u00e1s de estos servicios, tambi\u00e9n ofrecemos servicios de consultor\u00eda para ayudarle a tomar decisiones financieras con conocimiento de causa. Nuestro equipo cuenta con la experiencia y los conocimientos necesarios para guiarle en cuestiones financieras complejas y proporcionarle la informaci\u00f3n que necesita para tomar las mejores decisiones para su empresa o sus finanzas personales.<\/p>\n<p>[\/et_pb_text][et_pb_button button_url=&#8221;https:\/\/tmigrouptax.com\/contact&#8221; button_text=&#8221;Contact us&#8221; button_alignment=&#8221;left&#8221; _builder_version=&#8221;4.15.0&#8243; custom_button=&#8221;on&#8221; button_text_size=&#8221;14px&#8221; button_text_color=&#8221;#222E4E&#8221; button_bg_color=&#8221;#B2D243&#8243; button_border_width=&#8221;0px&#8221; button_border_radius=&#8221;0px&#8221; button_letter_spacing=&#8221;5px&#8221; button_font=&#8221;|700||on|||||&#8221; custom_padding=&#8221;20px|30px|20px|30px|true|true&#8221; locked=&#8221;off&#8221; global_colors_info=&#8221;{}&#8221;][\/et_pb_button][\/et_pb_column][et_pb_column type=&#8221;1_2&#8243; _builder_version=&#8221;4.15.0&#8243; _module_preset=&#8221;default&#8221; global_colors_info=&#8221;{}&#8221;][et_pb_image src=&#8221;https:\/\/tmigrouptax.com\/wp-content\/uploads\/2023\/05\/26-1.png&#8221; title_text=&#8221;26&#8243; _builder_version=&#8221;4.15.0&#8243; custom_margin=&#8221;||||false|false&#8221; custom_margin_tablet=&#8221;|-20px|||false|false&#8221; custom_margin_phone=&#8221;|-20px|||false|false&#8221; custom_margin_last_edited=&#8221;on|tablet&#8221; border_color_all=&#8221;rgba(0,0,0,0)&#8221; border_width_right=&#8221;20px&#8221; border_color_right=&#8221;#FFFFFF&#8221; box_shadow_style=&#8221;preset4&#8243; box_shadow_horizontal=&#8221;32px&#8221; box_shadow_vertical=&#8221;0px&#8221; box_shadow_color=&#8221;#222E4E&#8221; box_shadow_horizontal_tablet=&#8221;&#8221; box_shadow_horizontal_phone=&#8221;16px&#8221; box_shadow_horizontal_last_edited=&#8221;on|desktop&#8221; locked=&#8221;off&#8221; global_colors_info=&#8221;{}&#8221;][\/et_pb_image][\/et_pb_column][\/et_pb_row][et_pb_row column_structure=&#8221;1_2,1_2&#8243; _builder_version=&#8221;4.15.0&#8243; _module_preset=&#8221;default&#8221; global_colors_info=&#8221;{}&#8221;][et_pb_column type=&#8221;1_2&#8243; _builder_version=&#8221;4.15.0&#8243; _module_preset=&#8221;default&#8221; global_colors_info=&#8221;{}&#8221;][et_pb_image src=&#8221;https:\/\/tmigrouptax.com\/wp-content\/uploads\/2023\/05\/20-1.png&#8221; title_text=&#8221;20&#8243; _builder_version=&#8221;4.15.0&#8243; custom_margin=&#8221;||||false|false&#8221; custom_margin_tablet=&#8221;|-20px|||false|false&#8221; custom_margin_phone=&#8221;|-20px|||false|false&#8221; custom_margin_last_edited=&#8221;on|tablet&#8221; border_color_all=&#8221;rgba(0,0,0,0)&#8221; border_width_right=&#8221;20px&#8221; border_color_right=&#8221;#FFFFFF&#8221; box_shadow_style=&#8221;preset4&#8243; box_shadow_horizontal=&#8221;32px&#8221; box_shadow_vertical=&#8221;0px&#8221; box_shadow_color=&#8221;#222E4E&#8221; box_shadow_horizontal_tablet=&#8221;&#8221; box_shadow_horizontal_phone=&#8221;16px&#8221; box_shadow_horizontal_last_edited=&#8221;on|desktop&#8221; locked=&#8221;off&#8221; global_colors_info=&#8221;{}&#8221;][\/et_pb_image][\/et_pb_column][et_pb_column type=&#8221;1_2&#8243; _builder_version=&#8221;4.15.0&#8243; _module_preset=&#8221;default&#8221; global_colors_info=&#8221;{}&#8221;][et_pb_text _builder_version=&#8221;4.15.0&#8243; text_font=&#8221;Heebo||||||||&#8221; text_font_size=&#8221;18px&#8221; text_line_height=&#8221;2em&#8221; header_2_font=&#8221;Heebo|900||on|||||&#8221; header_2_font_size=&#8221;25px&#8221; header_2_letter_spacing=&#8221;1px&#8221; header_2_line_height=&#8221;1.3em&#8221; position_origin_a=&#8221;center_left&#8221; position_origin_a_tablet=&#8221;&#8221; position_origin_a_phone=&#8221;&#8221; position_origin_a_last_edited=&#8221;on|tablet&#8221; position_origin_f_tablet=&#8221;&#8221; position_origin_f_phone=&#8221;&#8221; position_origin_f_last_edited=&#8221;on|tablet&#8221; position_origin_r_tablet=&#8221;&#8221; position_origin_r_phone=&#8221;&#8221; position_origin_r_last_edited=&#8221;on|tablet&#8221; text_orientation=&#8221;justified&#8221; custom_padding=&#8221;||||false|false&#8221; text_font_size_phone=&#8221;&#8221; text_font_size_last_edited=&#8221;on|desktop&#8221; header_2_font_size_tablet=&#8221;24px&#8221; header_2_font_size_phone=&#8221;20px&#8221; header_2_font_size_last_edited=&#8221;on|phone&#8221; positioning_tablet=&#8221;relative&#8221; positioning_phone=&#8221;&#8221; positioning_last_edited=&#8221;on|tablet&#8221; locked=&#8221;off&#8221; global_colors_info=&#8221;{}&#8221; text_font_size_tablet=&#8221;18px&#8221;]<\/p>\n<p>En nuestra empresa, entendemos que cada cliente tiene necesidades y objetivos \u00fanicos. Por eso nos tomamos el tiempo necesario para conocerle a usted y a su empresa, de modo que podamos ofrecerle las soluciones personalizadas que necesita para triunfar.<\/p>\n<p>P\u00f3ngase en contacto con nosotros hoy mismo para saber m\u00e1s sobre c\u00f3mo podemos ayudarle con sus necesidades contables. Estamos deseando trabajar con usted.<\/p>\n<p>[\/et_pb_text][et_pb_button button_url=&#8221;https:\/\/tmigrouptax.com\/contact&#8221; button_text=&#8221;Contact us&#8221; button_alignment=&#8221;left&#8221; _builder_version=&#8221;4.15.0&#8243; custom_button=&#8221;on&#8221; button_text_size=&#8221;14px&#8221; button_text_color=&#8221;#222E4E&#8221; button_bg_color=&#8221;#B2D243&#8243; button_border_width=&#8221;0px&#8221; button_border_radius=&#8221;0px&#8221; button_letter_spacing=&#8221;5px&#8221; button_font=&#8221;|700||on|||||&#8221; custom_padding=&#8221;20px|30px|20px|30px|true|true&#8221; locked=&#8221;off&#8221; global_colors_info=&#8221;{}&#8221;][\/et_pb_button][\/et_pb_column][\/et_pb_row][\/et_pb_section]<\/p>","protected":false},"excerpt":{"rendered":"<p>Financial Planning Our financial planning services are tailored to your specific needs and goals.In addition to these services, we also offer consulting services to help you make informed financial decisions. Our team has the expertise and knowledge to guide you through complex financial issues and provide you with the insights you need to make the [&hellip;]<\/p>","protected":false},"author":1,"featured_media":0,"parent":0,"menu_order":0,"comment_status":"closed","ping_status":"closed","template":"","meta":{"_et_pb_use_builder":"on","_et_pb_old_content":"","_et_gb_content_width":"","_joinchat":[]},"yoast_head":"<!-- This site is optimized with the Yoast SEO plugin v20.3 - https:\/\/yoast.com\/wordpress\/plugins\/seo\/ -->\n<title>Financial Planning - TMI<\/title>\n<meta name=\"robots\" content=\"index, follow, max-snippet:-1, max-image-preview:large, max-video-preview:-1\" \/>\n<link rel=\"canonical\" href=\"https:\/\/tmigrouptax.com\/es\/financial-planning\/\" \/>\n<meta property=\"og:locale\" content=\"es_ES\" \/>\n<meta property=\"og:type\" content=\"article\" \/>\n<meta property=\"og:title\" content=\"Financial Planning - TMI\" \/>\n<meta property=\"og:description\" content=\"Financial Planning Our financial planning services are tailored to your specific needs and goals.In addition to these services, we also offer consulting services to help you make informed financial decisions. Our team has the expertise and knowledge to guide you through complex financial issues and provide you with the insights you need to make the [&hellip;]\" \/>\n<meta property=\"og:url\" content=\"https:\/\/tmigrouptax.com\/es\/financial-planning\/\" \/>\n<meta property=\"og:site_name\" content=\"TMI\" \/>\n<meta property=\"article:modified_time\" content=\"2023-05-16T22:57:01+00:00\" \/>\n<meta name=\"twitter:card\" content=\"summary_large_image\" \/>\n<meta name=\"twitter:label1\" content=\"Tiempo de lectura\" \/>\n\t<meta name=\"twitter:data1\" content=\"6 minutos\" \/>\n<script type=\"application\/ld+json\" class=\"yoast-schema-graph\">{\"@context\":\"https:\/\/schema.org\",\"@graph\":[{\"@type\":\"WebPage\",\"@id\":\"https:\/\/tmigrouptax.com\/financial-planning\/\",\"url\":\"https:\/\/tmigrouptax.com\/financial-planning\/\",\"name\":\"Financial Planning - TMI\",\"isPartOf\":{\"@id\":\"https:\/\/tmigrouptax.com\/es\/#website\"},\"datePublished\":\"2023-05-09T00:56:11+00:00\",\"dateModified\":\"2023-05-16T22:57:01+00:00\",\"breadcrumb\":{\"@id\":\"https:\/\/tmigrouptax.com\/financial-planning\/#breadcrumb\"},\"inLanguage\":\"es\",\"potentialAction\":[{\"@type\":\"ReadAction\",\"target\":[\"https:\/\/tmigrouptax.com\/financial-planning\/\"]}]},{\"@type\":\"BreadcrumbList\",\"@id\":\"https:\/\/tmigrouptax.com\/financial-planning\/#breadcrumb\",\"itemListElement\":[{\"@type\":\"ListItem\",\"position\":1,\"name\":\"Home\",\"item\":\"https:\/\/tmigrouptax.com\/\"},{\"@type\":\"ListItem\",\"position\":2,\"name\":\"Financial Planning\"}]},{\"@type\":\"WebSite\",\"@id\":\"https:\/\/tmigrouptax.com\/es\/#website\",\"url\":\"https:\/\/tmigrouptax.com\/es\/\",\"name\":\"TMI\",\"description\":\"Tax and Accounting Solutions\",\"publisher\":{\"@id\":\"https:\/\/tmigrouptax.com\/es\/#organization\"},\"potentialAction\":[{\"@type\":\"SearchAction\",\"target\":{\"@type\":\"EntryPoint\",\"urlTemplate\":\"https:\/\/tmigrouptax.com\/es\/?s={search_term_string}\"},\"query-input\":\"required name=search_term_string\"}],\"inLanguage\":\"es\"},{\"@type\":\"Organization\",\"@id\":\"https:\/\/tmigrouptax.com\/es\/#organization\",\"name\":\"TMI Group\",\"url\":\"https:\/\/tmigrouptax.com\/es\/\",\"logo\":{\"@type\":\"ImageObject\",\"inLanguage\":\"es\",\"@id\":\"https:\/\/tmigrouptax.com\/es\/#\/schema\/logo\/image\/\",\"url\":\"https:\/\/tmigrouptax.com\/wp-content\/uploads\/2022\/04\/cropped-favicon.png\",\"contentUrl\":\"https:\/\/tmigrouptax.com\/wp-content\/uploads\/2022\/04\/cropped-favicon.png\",\"width\":512,\"height\":512,\"caption\":\"TMI Group\"},\"image\":{\"@id\":\"https:\/\/tmigrouptax.com\/es\/#\/schema\/logo\/image\/\"}}]}<\/script>\n<!-- \/ Yoast SEO plugin. -->","yoast_head_json":{"title":"Financial Planning - TMI","robots":{"index":"index","follow":"follow","max-snippet":"max-snippet:-1","max-image-preview":"max-image-preview:large","max-video-preview":"max-video-preview:-1"},"canonical":"https:\/\/tmigrouptax.com\/es\/financial-planning\/","og_locale":"es_ES","og_type":"article","og_title":"Financial Planning - TMI","og_description":"Financial Planning Our financial planning services are tailored to your specific needs and goals.In addition to these services, we also offer consulting services to help you make informed financial decisions. Our team has the expertise and knowledge to guide you through complex financial issues and provide you with the insights you need to make the [&hellip;]","og_url":"https:\/\/tmigrouptax.com\/es\/financial-planning\/","og_site_name":"TMI","article_modified_time":"2023-05-16T22:57:01+00:00","twitter_card":"summary_large_image","twitter_misc":{"Tiempo de lectura":"6 minutos"},"schema":{"@context":"https:\/\/schema.org","@graph":[{"@type":"WebPage","@id":"https:\/\/tmigrouptax.com\/financial-planning\/","url":"https:\/\/tmigrouptax.com\/financial-planning\/","name":"Financial Planning - TMI","isPartOf":{"@id":"https:\/\/tmigrouptax.com\/es\/#website"},"datePublished":"2023-05-09T00:56:11+00:00","dateModified":"2023-05-16T22:57:01+00:00","breadcrumb":{"@id":"https:\/\/tmigrouptax.com\/financial-planning\/#breadcrumb"},"inLanguage":"es","potentialAction":[{"@type":"ReadAction","target":["https:\/\/tmigrouptax.com\/financial-planning\/"]}]},{"@type":"BreadcrumbList","@id":"https:\/\/tmigrouptax.com\/financial-planning\/#breadcrumb","itemListElement":[{"@type":"ListItem","position":1,"name":"Home","item":"https:\/\/tmigrouptax.com\/"},{"@type":"ListItem","position":2,"name":"Financial Planning"}]},{"@type":"WebSite","@id":"https:\/\/tmigrouptax.com\/es\/#website","url":"https:\/\/tmigrouptax.com\/es\/","name":"TMI","description":"Tax and Accounting Solutions","publisher":{"@id":"https:\/\/tmigrouptax.com\/es\/#organization"},"potentialAction":[{"@type":"SearchAction","target":{"@type":"EntryPoint","urlTemplate":"https:\/\/tmigrouptax.com\/es\/?s={search_term_string}"},"query-input":"required name=search_term_string"}],"inLanguage":"es"},{"@type":"Organization","@id":"https:\/\/tmigrouptax.com\/es\/#organization","name":"TMI Group","url":"https:\/\/tmigrouptax.com\/es\/","logo":{"@type":"ImageObject","inLanguage":"es","@id":"https:\/\/tmigrouptax.com\/es\/#\/schema\/logo\/image\/","url":"https:\/\/tmigrouptax.com\/wp-content\/uploads\/2022\/04\/cropped-favicon.png","contentUrl":"https:\/\/tmigrouptax.com\/wp-content\/uploads\/2022\/04\/cropped-favicon.png","width":512,"height":512,"caption":"TMI Group"},"image":{"@id":"https:\/\/tmigrouptax.com\/es\/#\/schema\/logo\/image\/"}}]}},"_links":{"self":[{"href":"https:\/\/tmigrouptax.com\/es\/wp-json\/wp\/v2\/pages\/649"}],"collection":[{"href":"https:\/\/tmigrouptax.com\/es\/wp-json\/wp\/v2\/pages"}],"about":[{"href":"https:\/\/tmigrouptax.com\/es\/wp-json\/wp\/v2\/types\/page"}],"author":[{"embeddable":true,"href":"https:\/\/tmigrouptax.com\/es\/wp-json\/wp\/v2\/users\/1"}],"replies":[{"embeddable":true,"href":"https:\/\/tmigrouptax.com\/es\/wp-json\/wp\/v2\/comments?post=649"}],"version-history":[{"count":12,"href":"https:\/\/tmigrouptax.com\/es\/wp-json\/wp\/v2\/pages\/649\/revisions"}],"predecessor-version":[{"id":835,"href":"https:\/\/tmigrouptax.com\/es\/wp-json\/wp\/v2\/pages\/649\/revisions\/835"}],"wp:attachment":[{"href":"https:\/\/tmigrouptax.com\/es\/wp-json\/wp\/v2\/media?parent=649"}],"curies":[{"name":"wp","href":"https:\/\/api.w.org\/{rel}","templated":true}]}}